{"id":7464,"date":"2025-06-24T17:39:21","date_gmt":"2025-06-24T17:39:21","guid":{"rendered":"https:\/\/www.makitsu.com\/?post_type=product&#038;p=7464"},"modified":"2025-08-26T09:03:46","modified_gmt":"2025-08-26T09:03:46","slug":"mth-480w-new","status":"publish","type":"product","link":"https:\/\/www.makitsu.com\/de\/product\/mini-chargeuse-compacte\/mth-480w-new\/","title":{"rendered":"Mini-chargeuse compacte MTH-480W-NEW (330 kg)"},"content":{"rendered":"<p>La mini-chargeuse compacte MTH-480W-NEW intervient dans les entrep\u00f4ts, ateliers et chantiers urbains gr\u00e2ce \u00e0 sa largeur de 1,13 m et sa capacit\u00e9 \u00e0 pivoter sur place. Son circuit hydraulique de 25 L alimente une force de levage maximale de 800 kg, permettant le transport de palettes, gravats et mat\u00e9riaux en vrac.<\/p>\n\n\n\n<p><\/p>","protected":false},"excerpt":{"rendered":"<p>La MTH-480W-NEW est une mini-chargeuse compacte avec p\u00e9dales \u00e9largies et syst\u00e8me hydraulique renforc\u00e9. Capable de soulever jusqu&rsquo;\u00e0 800 kg avec son godet de 0,15 m\u00b3, elle mesure 1,13 m de large pour intervenir dans les espaces restreints. Disponible en trois motorisations, elle g\u00e8re le chargement, la manutention et le terrassement l\u00e9ger.<\/p>","protected":false},"featured_media":7468,"template":"","meta":{"_acf_changed":true},"product_brand":[],"product_cat":[15],"product_tag":[],"class_list":{"0":"post-7464","1":"product","2":"type-product","3":"status-publish","4":"has-post-thumbnail","6":"product_cat-mini-chargeuse-compacte","8":"first","9":"instock","10":"virtual","11":"taxable","12":"purchasable","13":"product-type-bundle"},"bundled_by":[],"bundle_stock_status":"instock","bundle_stock_quantity":"","bundle_virtual":false,"bundle_layout":"default","bundle_add_to_cart_form_location":"default","bundle_editable_in_cart":false,"bundle_sold_individually_context":"product","bundle_item_grouping":"parent","bundle_min_size":"","bundle_max_size":"","bundle_price":{"price":{"min":{"incl_tax":"15168.00","excl_tax":"12640.00"},"max":{"incl_tax":"29448","excl_tax":"24540"}},"regular_price":{"min":{"incl_tax":"15168.00","excl_tax":"12640.00"},"max":{"incl_tax":"29448","excl_tax":"24540"}}},"bundled_items":[{"bundled_item_id":207,"product_id":7240,"menu_order":0,"quantity_min":1,"quantity_max":1,"quantity_default":1,"priced_individually":true,"shipped_individually":false,"override_title":false,"title":"Tari\u00e8re","override_description":false,"description":"","optional":true,"hide_thumbnail":false,"discount":"","override_variations":false,"allowed_variations":[],"override_default_variation_attributes":false,"default_variation_attributes":[],"single_product_visibility":"visible","cart_visibility":"visible","order_visibility":"visible","single_product_price_visibility":"visible","cart_price_visibility":"visible","order_price_visibility":"visible","stock_status":"in_stock"},{"bundled_item_id":208,"product_id":7241,"menu_order":1,"quantity_min":1,"quantity_max":1,"quantity_default":1,"priced_individually":true,"shipped_individually":false,"override_title":false,"title":"Godet de creusage droit","override_description":false,"description":"","optional":true,"hide_thumbnail":false,"discount":"","override_variations":false,"allowed_variations":[],"override_default_variation_attributes":false,"default_variation_attributes":[],"single_product_visibility":"visible","cart_visibility":"visible","order_visibility":"visible","single_product_price_visibility":"visible","cart_price_visibility":"visible","order_price_visibility":"visible","stock_status":"in_stock"},{"bundled_item_id":209,"product_id":7242,"menu_order":2,"quantity_min":1,"quantity_max":1,"quantity_default":1,"priced_individually":true,"shipped_individually":false,"override_title":false,"title":"Arrache-souche","override_description":false,"description":"","optional":true,"hide_thumbnail":false,"discount":"","override_variations":false,"allowed_variations":[],"override_default_variation_attributes":false,"default_variation_attributes":[],"single_product_visibility":"visible","cart_visibility":"visible","order_visibility":"visible","single_product_price_visibility":"visible","cart_price_visibility":"visible","order_price_visibility":"visible","stock_status":"in_stock"},{"bundled_item_id":210,"product_id":7243,"menu_order":3,"quantity_min":1,"quantity_max":1,"quantity_default":1,"priced_individually":true,"shipped_individually":false,"override_title":false,"title":"Charrue rotative","override_description":false,"description":"","optional":true,"hide_thumbnail":false,"discount":"","override_variations":false,"allowed_variations":[],"override_default_variation_attributes":false,"default_variation_attributes":[],"single_product_visibility":"visible","cart_visibility":"visible","order_visibility":"visible","single_product_price_visibility":"visible","cart_price_visibility":"visible","order_price_visibility":"visible","stock_status":"in_stock"},{"bundled_item_id":211,"product_id":7244,"menu_order":4,"quantity_min":1,"quantity_max":1,"quantity_default":1,"priced_individually":true,"shipped_individually":false,"override_title":false,"title":"Balayeuse","override_description":false,"description":"","optional":true,"hide_thumbnail":false,"discount":"","override_variations":false,"allowed_variations":[],"override_default_variation_attributes":false,"default_variation_attributes":[],"single_product_visibility":"visible","cart_visibility":"visible","order_visibility":"visible","single_product_price_visibility":"visible","cart_price_visibility":"visible","order_price_visibility":"visible","stock_status":"in_stock"},{"bundled_item_id":212,"product_id":7245,"menu_order":5,"quantity_min":1,"quantity_max":1,"quantity_default":1,"priced_individually":true,"shipped_individually":false,"override_title":false,"title":"Lame \u00e0 neige","override_description":false,"description":"","optional":true,"hide_thumbnail":false,"discount":"","override_variations":false,"allowed_variations":[],"override_default_variation_attributes":false,"default_variation_attributes":[],"single_product_visibility":"visible","cart_visibility":"visible","order_visibility":"visible","single_product_price_visibility":"visible","cart_price_visibility":"visible","order_price_visibility":"visible","stock_status":"in_stock"},{"bundled_item_id":213,"product_id":7246,"menu_order":6,"quantity_min":1,"quantity_max":1,"quantity_default":1,"priced_individually":true,"shipped_individually":false,"override_title":false,"title":"Trancheuse","override_description":false,"description":"","optional":true,"hide_thumbnail":false,"discount":"","override_variations":false,"allowed_variations":[],"override_default_variation_attributes":false,"default_variation_attributes":[],"single_product_visibility":"visible","cart_visibility":"visible","order_visibility":"visible","single_product_price_visibility":"visible","cart_price_visibility":"visible","order_price_visibility":"visible","stock_status":"in_stock"},{"bundled_item_id":214,"product_id":7247,"menu_order":7,"quantity_min":1,"quantity_max":1,"quantity_default":1,"priced_individually":true,"shipped_individually":false,"override_title":false,"title":"Fourche \u00e0 palettes","override_description":false,"description":"","optional":true,"hide_thumbnail":false,"discount":"","override_variations":false,"allowed_variations":[],"override_default_variation_attributes":false,"default_variation_attributes":[],"single_product_visibility":"visible","cart_visibility":"visible","order_visibility":"visible","single_product_price_visibility":"visible","cart_price_visibility":"visible","order_price_visibility":"visible","stock_status":"in_stock"},{"bundled_item_id":215,"product_id":7248,"menu_order":8,"quantity_min":1,"quantity_max":1,"quantity_default":1,"priced_individually":true,"shipped_individually":false,"override_title":false,"title":"Marteau hydraulique","override_description":false,"description":"","optional":true,"hide_thumbnail":false,"discount":"","override_variations":false,"allowed_variations":[],"override_default_variation_attributes":false,"default_variation_attributes":[],"single_product_visibility":"visible","cart_visibility":"visible","order_visibility":"visible","single_product_price_visibility":"visible","cart_price_visibility":"visible","order_price_visibility":"visible","stock_status":"in_stock"},{"bundled_item_id":216,"product_id":7249,"menu_order":9,"quantity_min":1,"quantity_max":1,"quantity_default":1,"priced_individually":true,"shipped_individually":false,"override_title":false,"title":"Grappin","override_description":false,"description":"","optional":true,"hide_thumbnail":false,"discount":"","override_variations":false,"allowed_variations":[],"override_default_variation_attributes":false,"default_variation_attributes":[],"single_product_visibility":"visible","cart_visibility":"visible","order_visibility":"visible","single_product_price_visibility":"visible","cart_price_visibility":"visible","order_price_visibility":"visible","stock_status":"in_stock"}],"bundle_sell_ids":[],"acf":[],"yoast_head":"<!-- This site is optimized with the Yoast SEO plugin v26.8 - https:\/\/yoast.com\/product\/yoast-seo-wordpress\/ -->\n<title>Mini-chargeuse compacte MTH-480W-NEW - Makitsu<\/title>\n<meta name=\"description\" content=\"Mini-chargeuse compacte MTH-480W-NEW (330\u202fkg) : moteur essence ou diesel, p\u00e9dales \u00e9largies, pour chantiers \u00e9troits et manutention intensive.\" \/>\n<meta name=\"robots\" content=\"index, follow, max-snippet:-1, max-image-preview:large, max-video-preview:-1\" \/>\n<link rel=\"canonical\" href=\"https:\/\/www.makitsu.com\/de\/product\/mini-chargeuse-compacte\/mth-480w-new\/\" \/>\n<meta property=\"og:locale\" content=\"de_DE\" \/>\n<meta property=\"og:type\" content=\"article\" \/>\n<meta property=\"og:title\" content=\"Mini-chargeuse compacte MTH-480W-NEW - Makitsu\" \/>\n<meta property=\"og:description\" content=\"Mini-chargeuse compacte MTH-480W-NEW (330\u202fkg) : moteur essence ou diesel, p\u00e9dales \u00e9largies, pour chantiers \u00e9troits et manutention intensive.\" \/>\n<meta property=\"og:url\" content=\"https:\/\/www.makitsu.com\/de\/product\/mini-chargeuse-compacte\/mth-480w-new\/\" \/>\n<meta property=\"og:site_name\" content=\"Makitsu\" \/>\n<meta property=\"article:publisher\" content=\"https:\/\/www.facebook.com\/people\/Makitsu\/61572869862718\/\" \/>\n<meta property=\"article:modified_time\" content=\"2025-08-26T09:03:46+00:00\" \/>\n<meta property=\"og:image\" content=\"https:\/\/www.makitsu.com\/wp-content\/uploads\/2025\/06\/Mini-chargeuse-compacte-MTH-480W-NEW330-kg-4.jpg\" \/>\n\t<meta property=\"og:image:width\" content=\"800\" \/>\n\t<meta property=\"og:image:height\" content=\"800\" \/>\n\t<meta property=\"og:image:type\" content=\"image\/jpeg\" \/>\n<meta name=\"twitter:card\" content=\"summary_large_image\" \/>\n<meta name=\"twitter:site\" content=\"@_Makitsu_\" \/>\n<meta name=\"twitter:label1\" content=\"Gesch\u00e4tzte Lesezeit\" \/>\n\t<meta name=\"twitter:data1\" content=\"1\u00a0Minute\" \/>\n<script type=\"application\/ld+json\" class=\"yoast-schema-graph\">{\"@context\":\"https:\/\/schema.org\",\"@graph\":[{\"@type\":\"WebPage\",\"@id\":\"https:\/\/www.makitsu.com\/produit\/mini-chargeuse-compacte\/mth-480w-new\/\",\"url\":\"https:\/\/www.makitsu.com\/produit\/mini-chargeuse-compacte\/mth-480w-new\/\",\"name\":\"Mini-chargeuse compacte MTH-480W-NEW - Makitsu\",\"isPartOf\":{\"@id\":\"https:\/\/www.makitsu.com\/#website\"},\"primaryImageOfPage\":{\"@id\":\"https:\/\/www.makitsu.com\/produit\/mini-chargeuse-compacte\/mth-480w-new\/#primaryimage\"},\"image\":{\"@id\":\"https:\/\/www.makitsu.com\/produit\/mini-chargeuse-compacte\/mth-480w-new\/#primaryimage\"},\"thumbnailUrl\":\"https:\/\/www.makitsu.com\/wp-content\/uploads\/2025\/06\/Mini-chargeuse-compacte-MTH-480W-NEW330-kg-4.jpg\",\"datePublished\":\"2025-06-24T17:39:21+00:00\",\"dateModified\":\"2025-08-26T09:03:46+00:00\",\"description\":\"Mini-chargeuse compacte MTH-480W-NEW (330\u202fkg) : moteur essence ou diesel, p\u00e9dales \u00e9largies, pour chantiers \u00e9troits et manutention intensive.\",\"breadcrumb\":{\"@id\":\"https:\/\/www.makitsu.com\/produit\/mini-chargeuse-compacte\/mth-480w-new\/#breadcrumb\"},\"inLanguage\":\"de\",\"potentialAction\":[{\"@type\":\"ReadAction\",\"target\":[\"https:\/\/www.makitsu.com\/produit\/mini-chargeuse-compacte\/mth-480w-new\/\"]}]},{\"@type\":\"ImageObject\",\"inLanguage\":\"de\",\"@id\":\"https:\/\/www.makitsu.com\/produit\/mini-chargeuse-compacte\/mth-480w-new\/#primaryimage\",\"url\":\"https:\/\/www.makitsu.com\/wp-content\/uploads\/2025\/06\/Mini-chargeuse-compacte-MTH-480W-NEW330-kg-4.jpg\",\"contentUrl\":\"https:\/\/www.makitsu.com\/wp-content\/uploads\/2025\/06\/Mini-chargeuse-compacte-MTH-480W-NEW330-kg-4.jpg\",\"width\":800,\"height\":800,\"caption\":\"Mini-chargeuse compacte MTH-480W-NEW(330 kg)\"},{\"@type\":\"BreadcrumbList\",\"@id\":\"https:\/\/www.makitsu.com\/produit\/mini-chargeuse-compacte\/mth-480w-new\/#breadcrumb\",\"itemListElement\":[{\"@type\":\"ListItem\",\"position\":1,\"name\":\"Accueil\",\"item\":\"https:\/\/www.makitsu.com\/\"},{\"@type\":\"ListItem\",\"position\":2,\"name\":\"Boutique\",\"item\":\"https:\/\/www.makitsu.com\/boutique\/\"},{\"@type\":\"ListItem\",\"position\":3,\"name\":\"Mini-chargeuse compacte MTH-480W-NEW (330 kg)\"}]},{\"@type\":\"WebSite\",\"@id\":\"https:\/\/www.makitsu.com\/#website\",\"url\":\"https:\/\/www.makitsu.com\/\",\"name\":\"Makitsu\",\"description\":\"\",\"publisher\":{\"@id\":\"https:\/\/www.makitsu.com\/#organization\"},\"potentialAction\":[{\"@type\":\"SearchAction\",\"target\":{\"@type\":\"EntryPoint\",\"urlTemplate\":\"https:\/\/www.makitsu.com\/?s={search_term_string}\"},\"query-input\":{\"@type\":\"PropertyValueSpecification\",\"valueRequired\":true,\"valueName\":\"search_term_string\"}}],\"inLanguage\":\"de\"},{\"@type\":\"Organization\",\"@id\":\"https:\/\/www.makitsu.com\/#organization\",\"name\":\"Makitsu\",\"url\":\"https:\/\/www.makitsu.com\/\",\"logo\":{\"@type\":\"ImageObject\",\"inLanguage\":\"de\",\"@id\":\"https:\/\/www.makitsu.com\/#\/schema\/logo\/image\/\",\"url\":\"https:\/\/www.makitsu.com\/wp-content\/uploads\/2025\/06\/cropped-logo-makitsu-1.png\",\"contentUrl\":\"https:\/\/www.makitsu.com\/wp-content\/uploads\/2025\/06\/cropped-logo-makitsu-1.png\",\"width\":471,\"height\":134,\"caption\":\"Makitsu\"},\"image\":{\"@id\":\"https:\/\/www.makitsu.com\/#\/schema\/logo\/image\/\"},\"sameAs\":[\"https:\/\/www.facebook.com\/people\/Makitsu\/61572869862718\/\",\"https:\/\/x.com\/_Makitsu_\",\"https:\/\/www.instagram.com\/makitsu_company\",\"https:\/\/www.youtube.com\/@Makitsu_Company\",\"https:\/\/www.linkedin.com\/company\/makitsu\/about\/\"]}]}<\/script>\n<!-- \/ Yoast SEO plugin. -->","yoast_head_json":{"title":"Mini-chargeuse compacte MTH-480W-NEW - Makitsu","description":"Mini-chargeuse compacte MTH-480W-NEW (330\u202fkg) : moteur essence ou diesel, p\u00e9dales \u00e9largies, pour chantiers \u00e9troits et manutention intensive.","robots":{"index":"index","follow":"follow","max-snippet":"max-snippet:-1","max-image-preview":"max-image-preview:large","max-video-preview":"max-video-preview:-1"},"canonical":"https:\/\/www.makitsu.com\/de\/product\/mini-chargeuse-compacte\/mth-480w-new\/","og_locale":"de_DE","og_type":"article","og_title":"Mini-chargeuse compacte MTH-480W-NEW - Makitsu","og_description":"Mini-chargeuse compacte MTH-480W-NEW (330\u202fkg) : moteur essence ou diesel, p\u00e9dales \u00e9largies, pour chantiers \u00e9troits et manutention intensive.","og_url":"https:\/\/www.makitsu.com\/de\/product\/mini-chargeuse-compacte\/mth-480w-new\/","og_site_name":"Makitsu","article_publisher":"https:\/\/www.facebook.com\/people\/Makitsu\/61572869862718\/","article_modified_time":"2025-08-26T09:03:46+00:00","og_image":[{"width":800,"height":800,"url":"https:\/\/www.makitsu.com\/wp-content\/uploads\/2025\/06\/Mini-chargeuse-compacte-MTH-480W-NEW330-kg-4.jpg","type":"image\/jpeg"}],"twitter_card":"summary_large_image","twitter_site":"@_Makitsu_","twitter_misc":{"Gesch\u00e4tzte Lesezeit":"1\u00a0Minute"},"schema":{"@context":"https:\/\/schema.org","@graph":[{"@type":"WebPage","@id":"https:\/\/www.makitsu.com\/produit\/mini-chargeuse-compacte\/mth-480w-new\/","url":"https:\/\/www.makitsu.com\/produit\/mini-chargeuse-compacte\/mth-480w-new\/","name":"Mini-chargeuse compacte MTH-480W-NEW - Makitsu","isPartOf":{"@id":"https:\/\/www.makitsu.com\/#website"},"primaryImageOfPage":{"@id":"https:\/\/www.makitsu.com\/produit\/mini-chargeuse-compacte\/mth-480w-new\/#primaryimage"},"image":{"@id":"https:\/\/www.makitsu.com\/produit\/mini-chargeuse-compacte\/mth-480w-new\/#primaryimage"},"thumbnailUrl":"https:\/\/www.makitsu.com\/wp-content\/uploads\/2025\/06\/Mini-chargeuse-compacte-MTH-480W-NEW330-kg-4.jpg","datePublished":"2025-06-24T17:39:21+00:00","dateModified":"2025-08-26T09:03:46+00:00","description":"Mini-chargeuse compacte MTH-480W-NEW (330\u202fkg) : moteur essence ou diesel, p\u00e9dales \u00e9largies, pour chantiers \u00e9troits et manutention intensive.","breadcrumb":{"@id":"https:\/\/www.makitsu.com\/produit\/mini-chargeuse-compacte\/mth-480w-new\/#breadcrumb"},"inLanguage":"de","potentialAction":[{"@type":"ReadAction","target":["https:\/\/www.makitsu.com\/produit\/mini-chargeuse-compacte\/mth-480w-new\/"]}]},{"@type":"ImageObject","inLanguage":"de","@id":"https:\/\/www.makitsu.com\/produit\/mini-chargeuse-compacte\/mth-480w-new\/#primaryimage","url":"https:\/\/www.makitsu.com\/wp-content\/uploads\/2025\/06\/Mini-chargeuse-compacte-MTH-480W-NEW330-kg-4.jpg","contentUrl":"https:\/\/www.makitsu.com\/wp-content\/uploads\/2025\/06\/Mini-chargeuse-compacte-MTH-480W-NEW330-kg-4.jpg","width":800,"height":800,"caption":"Mini-chargeuse compacte MTH-480W-NEW(330 kg)"},{"@type":"BreadcrumbList","@id":"https:\/\/www.makitsu.com\/produit\/mini-chargeuse-compacte\/mth-480w-new\/#breadcrumb","itemListElement":[{"@type":"ListItem","position":1,"name":"Accueil","item":"https:\/\/www.makitsu.com\/"},{"@type":"ListItem","position":2,"name":"Boutique","item":"https:\/\/www.makitsu.com\/boutique\/"},{"@type":"ListItem","position":3,"name":"Mini-chargeuse compacte MTH-480W-NEW (330 kg)"}]},{"@type":"WebSite","@id":"https:\/\/www.makitsu.com\/#website","url":"https:\/\/www.makitsu.com\/","name":"Makitsu","description":"","publisher":{"@id":"https:\/\/www.makitsu.com\/#organization"},"potentialAction":[{"@type":"SearchAction","target":{"@type":"EntryPoint","urlTemplate":"https:\/\/www.makitsu.com\/?s={search_term_string}"},"query-input":{"@type":"PropertyValueSpecification","valueRequired":true,"valueName":"search_term_string"}}],"inLanguage":"de"},{"@type":"Organization","@id":"https:\/\/www.makitsu.com\/#organization","name":"Makitsu","url":"https:\/\/www.makitsu.com\/","logo":{"@type":"ImageObject","inLanguage":"de","@id":"https:\/\/www.makitsu.com\/#\/schema\/logo\/image\/","url":"https:\/\/www.makitsu.com\/wp-content\/uploads\/2025\/06\/cropped-logo-makitsu-1.png","contentUrl":"https:\/\/www.makitsu.com\/wp-content\/uploads\/2025\/06\/cropped-logo-makitsu-1.png","width":471,"height":134,"caption":"Makitsu"},"image":{"@id":"https:\/\/www.makitsu.com\/#\/schema\/logo\/image\/"},"sameAs":["https:\/\/www.facebook.com\/people\/Makitsu\/61572869862718\/","https:\/\/x.com\/_Makitsu_","https:\/\/www.instagram.com\/makitsu_company","https:\/\/www.youtube.com\/@Makitsu_Company","https:\/\/www.linkedin.com\/company\/makitsu\/about\/"]}]}},"_links":{"self":[{"href":"https:\/\/www.makitsu.com\/de\/wp-json\/wp\/v2\/product\/7464","targetHints":{"allow":["GET"]}}],"collection":[{"href":"https:\/\/www.makitsu.com\/de\/wp-json\/wp\/v2\/product"}],"about":[{"href":"https:\/\/www.makitsu.com\/de\/wp-json\/wp\/v2\/types\/product"}],"wp:featuredmedia":[{"embeddable":true,"href":"https:\/\/www.makitsu.com\/de\/wp-json\/wp\/v2\/media\/7468"}],"wp:attachment":[{"href":"https:\/\/www.makitsu.com\/de\/wp-json\/wp\/v2\/media?parent=7464"}],"wp:term":[{"taxonomy":"product_brand","embeddable":true,"href":"https:\/\/www.makitsu.com\/de\/wp-json\/wp\/v2\/product_brand?post=7464"},{"taxonomy":"product_cat","embeddable":true,"href":"https:\/\/www.makitsu.com\/de\/wp-json\/wp\/v2\/product_cat?post=7464"},{"taxonomy":"product_tag","embeddable":true,"href":"https:\/\/www.makitsu.com\/de\/wp-json\/wp\/v2\/product_tag?post=7464"}],"curies":[{"name":"wp","href":"https:\/\/api.w.org\/{rel}","templated":true}]}}