{"id":7358,"date":"2025-06-20T12:46:50","date_gmt":"2025-06-20T12:46:50","guid":{"rendered":"https:\/\/www.makitsu.com\/?post_type=product&#038;p=7358"},"modified":"2025-08-27T07:31:01","modified_gmt":"2025-08-27T07:31:01","slug":"godet-etroit","status":"publish","type":"product","link":"https:\/\/www.makitsu.com\/de\/product\/accessoires\/godet-etroit\/","title":{"rendered":"Schmaler Eimer"},"content":{"rendered":"<p><\/p>\n\n\n\n<p><\/p>","protected":false},"excerpt":{"rendered":"<p class=\"whitespace-normal break-words\">Accessoire de terrassement \u00e0 largeur r\u00e9duite pour les mini pelles Makitsu.<\/p>\n<p class=\"whitespace-normal break-words\">Ses dimensions compactes et ses flancs renforc\u00e9s permettent un creusement pr\u00e9cis avec un encombrement minimal.<\/p>\n<p class=\"whitespace-normal break-words\"><strong>Utilisations recommand\u00e9es :<\/strong><\/p>\n<ul class=\"[&amp;:not(:last-child)_ul]:pb-1 [&amp;:not(:last-child)_ol]:pb-1 list-disc space-y-1.5 pl-7\">\n<li class=\"whitespace-normal break-words\">Tranch\u00e9es pour r\u00e9seaux enterr\u00e9s (gaz, \u00e9lectricit\u00e9, fibre optique)<\/li>\n<li class=\"whitespace-normal break-words\">Drainage p\u00e9riph\u00e9rique de fondations existantes sans d\u00e9stabilisation<\/li>\n<li class=\"whitespace-normal break-words\">Curage de caniveaux et foss\u00e9s d&rsquo;\u00e9vacuation pluviale<\/li>\n<li class=\"whitespace-normal break-words\">Terrassement en mitoyennet\u00e9 avec contraintes d&rsquo;acc\u00e8s lat\u00e9ral<\/li>\n<li class=\"whitespace-normal break-words\">Reprise de fouilles de branchements individuels<\/li>\n<li class=\"whitespace-normal break-words\">Nettoyage de regards et chambres de visite<\/li>\n<li class=\"whitespace-normal break-words\">Creusement de saign\u00e9es pour passages de canalisations sous dalles<\/li>\n<\/ul>","protected":false},"featured_media":7737,"template":"","meta":{"_acf_changed":false},"product_brand":[],"product_cat":[52],"product_tag":[60],"class_list":{"0":"post-7358","1":"product","2":"type-product","3":"status-publish","4":"has-post-thumbnail","6":"product_cat-accessoires","7":"product_tag-mini-pelle","9":"first","10":"instock","11":"taxable","12":"shipping-taxable","13":"purchasable","14":"product-type-simple"},"bundled_by":["7330","7331","7323","7380","7398","7411","7427","7439","7451","7463","7476","7488","7500","7513","7522","7531","7539","7546","7553","7565"],"bundle_stock_status":"instock","bundle_stock_quantity":null,"bundle_virtual":false,"bundle_layout":"","bundle_add_to_cart_form_location":"","bundle_editable_in_cart":false,"bundle_sold_individually_context":"","bundle_item_grouping":"","bundle_min_size":"","bundle_max_size":"","bundle_price":[],"bundled_items":[],"bundle_sell_ids":[],"acf":[],"yoast_head":"<!-- This site is optimized with the Yoast SEO plugin v26.8 - https:\/\/yoast.com\/product\/yoast-seo-wordpress\/ -->\n<title>Godet \u00e9troit pour mini-pelles - Makitsu<\/title>\n<meta name=\"description\" content=\"Accessoire de terrassement \u00e0 largeur r\u00e9duite pour les mini pelles Makitsu : compact avec flancs renforc\u00e9s pour creusement pr\u00e9cis.\" \/>\n<meta name=\"robots\" content=\"index, follow, max-snippet:-1, max-image-preview:large, max-video-preview:-1\" \/>\n<link rel=\"canonical\" href=\"https:\/\/www.makitsu.com\/de\/product\/accessoires\/godet-etroit\/\" \/>\n<meta property=\"og:locale\" content=\"de_DE\" \/>\n<meta property=\"og:type\" content=\"article\" \/>\n<meta property=\"og:title\" content=\"Godet \u00e9troit pour mini-pelles - Makitsu\" \/>\n<meta property=\"og:description\" content=\"Accessoire de terrassement \u00e0 largeur r\u00e9duite pour les mini pelles Makitsu : compact avec flancs renforc\u00e9s pour creusement pr\u00e9cis.\" \/>\n<meta property=\"og:url\" content=\"https:\/\/www.makitsu.com\/de\/product\/accessoires\/godet-etroit\/\" \/>\n<meta property=\"og:site_name\" content=\"Makitsu\" \/>\n<meta property=\"article:publisher\" content=\"https:\/\/www.facebook.com\/people\/Makitsu\/61572869862718\/\" \/>\n<meta property=\"article:modified_time\" content=\"2025-08-27T07:31:01+00:00\" \/>\n<meta property=\"og:image\" content=\"https:\/\/www.makitsu.com\/wp-content\/uploads\/2025\/06\/Godet-etroit-1.jpg\" \/>\n\t<meta property=\"og:image:width\" content=\"1024\" \/>\n\t<meta property=\"og:image:height\" content=\"1024\" \/>\n\t<meta property=\"og:image:type\" content=\"image\/jpeg\" \/>\n<meta name=\"twitter:card\" content=\"summary_large_image\" \/>\n<meta name=\"twitter:site\" content=\"@_Makitsu_\" \/>\n<meta name=\"twitter:label1\" content=\"Gesch\u00e4tzte Lesezeit\" \/>\n\t<meta name=\"twitter:data1\" content=\"1\u00a0Minute\" \/>\n<script type=\"application\/ld+json\" class=\"yoast-schema-graph\">{\"@context\":\"https:\/\/schema.org\",\"@graph\":[{\"@type\":\"WebPage\",\"@id\":\"https:\/\/www.makitsu.com\/produit\/accessoires\/godet-etroit\/\",\"url\":\"https:\/\/www.makitsu.com\/produit\/accessoires\/godet-etroit\/\",\"name\":\"Godet \u00e9troit pour mini-pelles - Makitsu\",\"isPartOf\":{\"@id\":\"https:\/\/www.makitsu.com\/#website\"},\"primaryImageOfPage\":{\"@id\":\"https:\/\/www.makitsu.com\/produit\/accessoires\/godet-etroit\/#primaryimage\"},\"image\":{\"@id\":\"https:\/\/www.makitsu.com\/produit\/accessoires\/godet-etroit\/#primaryimage\"},\"thumbnailUrl\":\"https:\/\/www.makitsu.com\/wp-content\/uploads\/2025\/06\/Godet-etroit-1.jpg\",\"datePublished\":\"2025-06-20T12:46:50+00:00\",\"dateModified\":\"2025-08-27T07:31:01+00:00\",\"description\":\"Accessoire de terrassement \u00e0 largeur r\u00e9duite pour les mini pelles Makitsu : compact avec flancs renforc\u00e9s pour creusement pr\u00e9cis.\",\"breadcrumb\":{\"@id\":\"https:\/\/www.makitsu.com\/produit\/accessoires\/godet-etroit\/#breadcrumb\"},\"inLanguage\":\"de\",\"potentialAction\":[{\"@type\":\"ReadAction\",\"target\":[\"https:\/\/www.makitsu.com\/produit\/accessoires\/godet-etroit\/\"]}]},{\"@type\":\"ImageObject\",\"inLanguage\":\"de\",\"@id\":\"https:\/\/www.makitsu.com\/produit\/accessoires\/godet-etroit\/#primaryimage\",\"url\":\"https:\/\/www.makitsu.com\/wp-content\/uploads\/2025\/06\/Godet-etroit-1.jpg\",\"contentUrl\":\"https:\/\/www.makitsu.com\/wp-content\/uploads\/2025\/06\/Godet-etroit-1.jpg\",\"width\":1024,\"height\":1024,\"caption\":\"Godet \u00e9troit (1)\"},{\"@type\":\"BreadcrumbList\",\"@id\":\"https:\/\/www.makitsu.com\/produit\/accessoires\/godet-etroit\/#breadcrumb\",\"itemListElement\":[{\"@type\":\"ListItem\",\"position\":1,\"name\":\"Accueil\",\"item\":\"https:\/\/www.makitsu.com\/\"},{\"@type\":\"ListItem\",\"position\":2,\"name\":\"Boutique\",\"item\":\"https:\/\/www.makitsu.com\/boutique\/\"},{\"@type\":\"ListItem\",\"position\":3,\"name\":\"Godet \u00e9troit\"}]},{\"@type\":\"WebSite\",\"@id\":\"https:\/\/www.makitsu.com\/#website\",\"url\":\"https:\/\/www.makitsu.com\/\",\"name\":\"Makitsu\",\"description\":\"\",\"publisher\":{\"@id\":\"https:\/\/www.makitsu.com\/#organization\"},\"potentialAction\":[{\"@type\":\"SearchAction\",\"target\":{\"@type\":\"EntryPoint\",\"urlTemplate\":\"https:\/\/www.makitsu.com\/?s={search_term_string}\"},\"query-input\":{\"@type\":\"PropertyValueSpecification\",\"valueRequired\":true,\"valueName\":\"search_term_string\"}}],\"inLanguage\":\"de\"},{\"@type\":\"Organization\",\"@id\":\"https:\/\/www.makitsu.com\/#organization\",\"name\":\"Makitsu\",\"url\":\"https:\/\/www.makitsu.com\/\",\"logo\":{\"@type\":\"ImageObject\",\"inLanguage\":\"de\",\"@id\":\"https:\/\/www.makitsu.com\/#\/schema\/logo\/image\/\",\"url\":\"https:\/\/www.makitsu.com\/wp-content\/uploads\/2025\/06\/cropped-logo-makitsu-1.png\",\"contentUrl\":\"https:\/\/www.makitsu.com\/wp-content\/uploads\/2025\/06\/cropped-logo-makitsu-1.png\",\"width\":471,\"height\":134,\"caption\":\"Makitsu\"},\"image\":{\"@id\":\"https:\/\/www.makitsu.com\/#\/schema\/logo\/image\/\"},\"sameAs\":[\"https:\/\/www.facebook.com\/people\/Makitsu\/61572869862718\/\",\"https:\/\/x.com\/_Makitsu_\",\"https:\/\/www.instagram.com\/makitsu_company\",\"https:\/\/www.youtube.com\/@Makitsu_Company\",\"https:\/\/www.linkedin.com\/company\/makitsu\/about\/\"]}]}<\/script>\n<!-- \/ Yoast SEO plugin. -->","yoast_head_json":{"title":"Godet \u00e9troit pour mini-pelles - Makitsu","description":"Accessoire de terrassement \u00e0 largeur r\u00e9duite pour les mini pelles Makitsu : compact avec flancs renforc\u00e9s pour creusement pr\u00e9cis.","robots":{"index":"index","follow":"follow","max-snippet":"max-snippet:-1","max-image-preview":"max-image-preview:large","max-video-preview":"max-video-preview:-1"},"canonical":"https:\/\/www.makitsu.com\/de\/product\/accessoires\/godet-etroit\/","og_locale":"de_DE","og_type":"article","og_title":"Godet \u00e9troit pour mini-pelles - Makitsu","og_description":"Accessoire de terrassement \u00e0 largeur r\u00e9duite pour les mini pelles Makitsu : compact avec flancs renforc\u00e9s pour creusement pr\u00e9cis.","og_url":"https:\/\/www.makitsu.com\/de\/product\/accessoires\/godet-etroit\/","og_site_name":"Makitsu","article_publisher":"https:\/\/www.facebook.com\/people\/Makitsu\/61572869862718\/","article_modified_time":"2025-08-27T07:31:01+00:00","og_image":[{"width":1024,"height":1024,"url":"https:\/\/www.makitsu.com\/wp-content\/uploads\/2025\/06\/Godet-etroit-1.jpg","type":"image\/jpeg"}],"twitter_card":"summary_large_image","twitter_site":"@_Makitsu_","twitter_misc":{"Gesch\u00e4tzte Lesezeit":"1\u00a0Minute"},"schema":{"@context":"https:\/\/schema.org","@graph":[{"@type":"WebPage","@id":"https:\/\/www.makitsu.com\/produit\/accessoires\/godet-etroit\/","url":"https:\/\/www.makitsu.com\/produit\/accessoires\/godet-etroit\/","name":"Godet \u00e9troit pour mini-pelles - Makitsu","isPartOf":{"@id":"https:\/\/www.makitsu.com\/#website"},"primaryImageOfPage":{"@id":"https:\/\/www.makitsu.com\/produit\/accessoires\/godet-etroit\/#primaryimage"},"image":{"@id":"https:\/\/www.makitsu.com\/produit\/accessoires\/godet-etroit\/#primaryimage"},"thumbnailUrl":"https:\/\/www.makitsu.com\/wp-content\/uploads\/2025\/06\/Godet-etroit-1.jpg","datePublished":"2025-06-20T12:46:50+00:00","dateModified":"2025-08-27T07:31:01+00:00","description":"Accessoire de terrassement \u00e0 largeur r\u00e9duite pour les mini pelles Makitsu : compact avec flancs renforc\u00e9s pour creusement pr\u00e9cis.","breadcrumb":{"@id":"https:\/\/www.makitsu.com\/produit\/accessoires\/godet-etroit\/#breadcrumb"},"inLanguage":"de","potentialAction":[{"@type":"ReadAction","target":["https:\/\/www.makitsu.com\/produit\/accessoires\/godet-etroit\/"]}]},{"@type":"ImageObject","inLanguage":"de","@id":"https:\/\/www.makitsu.com\/produit\/accessoires\/godet-etroit\/#primaryimage","url":"https:\/\/www.makitsu.com\/wp-content\/uploads\/2025\/06\/Godet-etroit-1.jpg","contentUrl":"https:\/\/www.makitsu.com\/wp-content\/uploads\/2025\/06\/Godet-etroit-1.jpg","width":1024,"height":1024,"caption":"Godet \u00e9troit (1)"},{"@type":"BreadcrumbList","@id":"https:\/\/www.makitsu.com\/produit\/accessoires\/godet-etroit\/#breadcrumb","itemListElement":[{"@type":"ListItem","position":1,"name":"Accueil","item":"https:\/\/www.makitsu.com\/"},{"@type":"ListItem","position":2,"name":"Boutique","item":"https:\/\/www.makitsu.com\/boutique\/"},{"@type":"ListItem","position":3,"name":"Godet \u00e9troit"}]},{"@type":"WebSite","@id":"https:\/\/www.makitsu.com\/#website","url":"https:\/\/www.makitsu.com\/","name":"Makitsu","description":"","publisher":{"@id":"https:\/\/www.makitsu.com\/#organization"},"potentialAction":[{"@type":"SearchAction","target":{"@type":"EntryPoint","urlTemplate":"https:\/\/www.makitsu.com\/?s={search_term_string}"},"query-input":{"@type":"PropertyValueSpecification","valueRequired":true,"valueName":"search_term_string"}}],"inLanguage":"de"},{"@type":"Organization","@id":"https:\/\/www.makitsu.com\/#organization","name":"Makitsu","url":"https:\/\/www.makitsu.com\/","logo":{"@type":"ImageObject","inLanguage":"de","@id":"https:\/\/www.makitsu.com\/#\/schema\/logo\/image\/","url":"https:\/\/www.makitsu.com\/wp-content\/uploads\/2025\/06\/cropped-logo-makitsu-1.png","contentUrl":"https:\/\/www.makitsu.com\/wp-content\/uploads\/2025\/06\/cropped-logo-makitsu-1.png","width":471,"height":134,"caption":"Makitsu"},"image":{"@id":"https:\/\/www.makitsu.com\/#\/schema\/logo\/image\/"},"sameAs":["https:\/\/www.facebook.com\/people\/Makitsu\/61572869862718\/","https:\/\/x.com\/_Makitsu_","https:\/\/www.instagram.com\/makitsu_company","https:\/\/www.youtube.com\/@Makitsu_Company","https:\/\/www.linkedin.com\/company\/makitsu\/about\/"]}]}},"_links":{"self":[{"href":"https:\/\/www.makitsu.com\/de\/wp-json\/wp\/v2\/product\/7358","targetHints":{"allow":["GET"]}}],"collection":[{"href":"https:\/\/www.makitsu.com\/de\/wp-json\/wp\/v2\/product"}],"about":[{"href":"https:\/\/www.makitsu.com\/de\/wp-json\/wp\/v2\/types\/product"}],"wp:featuredmedia":[{"embeddable":true,"href":"https:\/\/www.makitsu.com\/de\/wp-json\/wp\/v2\/media\/7737"}],"wp:attachment":[{"href":"https:\/\/www.makitsu.com\/de\/wp-json\/wp\/v2\/media?parent=7358"}],"wp:term":[{"taxonomy":"product_brand","embeddable":true,"href":"https:\/\/www.makitsu.com\/de\/wp-json\/wp\/v2\/product_brand?post=7358"},{"taxonomy":"product_cat","embeddable":true,"href":"https:\/\/www.makitsu.com\/de\/wp-json\/wp\/v2\/product_cat?post=7358"},{"taxonomy":"product_tag","embeddable":true,"href":"https:\/\/www.makitsu.com\/de\/wp-json\/wp\/v2\/product_tag?post=7358"}],"curies":[{"name":"wp","href":"https:\/\/api.w.org\/{rel}","templated":true}]}}