{"id":7246,"date":"2025-06-17T17:44:21","date_gmt":"2025-06-17T17:44:21","guid":{"rendered":"https:\/\/www.makitsu.com\/?post_type=product&#038;p=7246"},"modified":"2025-08-27T07:31:32","modified_gmt":"2025-08-27T07:31:32","slug":"trancheuse","status":"publish","type":"product","link":"https:\/\/www.makitsu.com\/de\/product\/accessoires\/trancheuse\/","title":{"rendered":"Trancheuse"},"content":{"rendered":"","protected":false},"excerpt":{"rendered":"<p class=\"whitespace-normal break-words\">Accessoire de terrassement hydraulique \u00e9quip\u00e9 d&rsquo;une cha\u00eene de coupe rotative mont\u00e9e sur guide-cha\u00eene rigide.<\/p>\n<p class=\"whitespace-normal break-words\">Syst\u00e8me de d\u00e9coupe motoris\u00e9 permettant l&rsquo;excavation de tranch\u00e9es r\u00e9guli\u00e8res et pr\u00e9cises pour l&rsquo;enfouissement de r\u00e9seaux.<\/p>\n<p class=\"whitespace-normal break-words\"><strong>Utilisations recommand\u00e9es :<\/strong><\/p>\n<ul class=\"[&amp;:not(:last-child)_ul]:pb-1 [&amp;:not(:last-child)_ol]:pb-1 list-disc space-y-1.5 pl-7\">\n<li class=\"whitespace-normal break-words\">Creusement de tranch\u00e9es pour c\u00e2bles \u00e9lectriques<\/li>\n<li class=\"whitespace-normal break-words\">Enfouissement de gaines de t\u00e9l\u00e9communications<\/li>\n<li class=\"whitespace-normal break-words\">Pose de canalisations de petit diam\u00e8tre<\/li>\n<li class=\"whitespace-normal break-words\">Installation de syst\u00e8mes d&rsquo;arrosage automatique<\/li>\n<li class=\"whitespace-normal break-words\">Tranch\u00e9es pour r\u00e9seaux de fibre optique<\/li>\n<li class=\"whitespace-normal break-words\">Enfouissement de c\u00e2bles de cl\u00f4tures \u00e9lectriques<\/li>\n<li class=\"whitespace-normal break-words\">Pose de drains agricoles et horticoles<\/li>\n<li class=\"whitespace-normal break-words\">Installation de syst\u00e8mes d&rsquo;\u00e9clairage ext\u00e9rieur<\/li>\n<li class=\"whitespace-normal break-words\">Tranch\u00e9es pour r\u00e9seaux de s\u00e9curit\u00e9<\/li>\n<\/ul>","protected":false},"featured_media":7915,"template":"","meta":{"_acf_changed":false},"product_brand":[],"product_cat":[52],"product_tag":[61],"class_list":{"0":"post-7246","1":"product","2":"type-product","3":"status-publish","4":"has-post-thumbnail","6":"product_cat-accessoires","7":"product_tag-mini-chargeuse-compacte","9":"first","10":"instock","11":"taxable","12":"shipping-taxable","13":"purchasable","14":"product-type-simple"},"bundled_by":["7166","7316","7317","7428","7440","7452","7464","7475","7482","7494"],"bundle_stock_status":"instock","bundle_stock_quantity":null,"bundle_virtual":false,"bundle_layout":"","bundle_add_to_cart_form_location":"","bundle_editable_in_cart":false,"bundle_sold_individually_context":"","bundle_item_grouping":"","bundle_min_size":"","bundle_max_size":"","bundle_price":[],"bundled_items":[],"bundle_sell_ids":[],"acf":[],"yoast_head":"<!-- This site is optimized with the Yoast SEO plugin v26.8 - https:\/\/yoast.com\/product\/yoast-seo-wordpress\/ -->\n<title>Trancheuse pour mini-chargeuse compacte - Makitsu<\/title>\n<meta name=\"description\" content=\"Trancheuse pour mini-chargeuse compacte : cha\u00eene coupe tranch\u00e9es r\u00e9guli\u00e8res, enfouissement c\u00e2bles, pose canalisations, etc.\" \/>\n<meta name=\"robots\" content=\"index, follow, max-snippet:-1, max-image-preview:large, max-video-preview:-1\" \/>\n<link rel=\"canonical\" href=\"https:\/\/www.makitsu.com\/de\/product\/accessoires\/trancheuse\/\" \/>\n<meta property=\"og:locale\" content=\"de_DE\" \/>\n<meta property=\"og:type\" content=\"article\" \/>\n<meta property=\"og:title\" content=\"Trancheuse pour mini-chargeuse compacte - Makitsu\" \/>\n<meta property=\"og:description\" content=\"Trancheuse pour mini-chargeuse compacte : cha\u00eene coupe tranch\u00e9es r\u00e9guli\u00e8res, enfouissement c\u00e2bles, pose canalisations, etc.\" \/>\n<meta property=\"og:url\" content=\"https:\/\/www.makitsu.com\/de\/product\/accessoires\/trancheuse\/\" \/>\n<meta property=\"og:site_name\" content=\"Makitsu\" \/>\n<meta property=\"article:publisher\" content=\"https:\/\/www.facebook.com\/people\/Makitsu\/61572869862718\/\" \/>\n<meta property=\"article:modified_time\" content=\"2025-08-27T07:31:32+00:00\" \/>\n<meta property=\"og:image\" content=\"https:\/\/www.makitsu.com\/wp-content\/uploads\/2025\/06\/trancheuse.jpg\" \/>\n\t<meta property=\"og:image:width\" content=\"1024\" \/>\n\t<meta property=\"og:image:height\" content=\"1024\" \/>\n\t<meta property=\"og:image:type\" content=\"image\/jpeg\" \/>\n<meta name=\"twitter:card\" content=\"summary_large_image\" \/>\n<meta name=\"twitter:site\" content=\"@_Makitsu_\" \/>\n<meta name=\"twitter:label1\" content=\"Gesch\u00e4tzte Lesezeit\" \/>\n\t<meta name=\"twitter:data1\" content=\"1\u00a0Minute\" \/>\n<script type=\"application\/ld+json\" class=\"yoast-schema-graph\">{\"@context\":\"https:\/\/schema.org\",\"@graph\":[{\"@type\":\"WebPage\",\"@id\":\"https:\/\/www.makitsu.com\/produit\/accessoires\/trancheuse\/\",\"url\":\"https:\/\/www.makitsu.com\/produit\/accessoires\/trancheuse\/\",\"name\":\"Trancheuse pour mini-chargeuse compacte - Makitsu\",\"isPartOf\":{\"@id\":\"https:\/\/www.makitsu.com\/#website\"},\"primaryImageOfPage\":{\"@id\":\"https:\/\/www.makitsu.com\/produit\/accessoires\/trancheuse\/#primaryimage\"},\"image\":{\"@id\":\"https:\/\/www.makitsu.com\/produit\/accessoires\/trancheuse\/#primaryimage\"},\"thumbnailUrl\":\"https:\/\/www.makitsu.com\/wp-content\/uploads\/2025\/06\/trancheuse.jpg\",\"datePublished\":\"2025-06-17T17:44:21+00:00\",\"dateModified\":\"2025-08-27T07:31:32+00:00\",\"description\":\"Trancheuse pour mini-chargeuse compacte : cha\u00eene coupe tranch\u00e9es r\u00e9guli\u00e8res, enfouissement c\u00e2bles, pose canalisations, etc.\",\"breadcrumb\":{\"@id\":\"https:\/\/www.makitsu.com\/produit\/accessoires\/trancheuse\/#breadcrumb\"},\"inLanguage\":\"de\",\"potentialAction\":[{\"@type\":\"ReadAction\",\"target\":[\"https:\/\/www.makitsu.com\/produit\/accessoires\/trancheuse\/\"]}]},{\"@type\":\"ImageObject\",\"inLanguage\":\"de\",\"@id\":\"https:\/\/www.makitsu.com\/produit\/accessoires\/trancheuse\/#primaryimage\",\"url\":\"https:\/\/www.makitsu.com\/wp-content\/uploads\/2025\/06\/trancheuse.jpg\",\"contentUrl\":\"https:\/\/www.makitsu.com\/wp-content\/uploads\/2025\/06\/trancheuse.jpg\",\"width\":1024,\"height\":1024,\"caption\":\"trancheuse\"},{\"@type\":\"BreadcrumbList\",\"@id\":\"https:\/\/www.makitsu.com\/produit\/accessoires\/trancheuse\/#breadcrumb\",\"itemListElement\":[{\"@type\":\"ListItem\",\"position\":1,\"name\":\"Accueil\",\"item\":\"https:\/\/www.makitsu.com\/\"},{\"@type\":\"ListItem\",\"position\":2,\"name\":\"Boutique\",\"item\":\"https:\/\/www.makitsu.com\/boutique\/\"},{\"@type\":\"ListItem\",\"position\":3,\"name\":\"Trancheuse\"}]},{\"@type\":\"WebSite\",\"@id\":\"https:\/\/www.makitsu.com\/#website\",\"url\":\"https:\/\/www.makitsu.com\/\",\"name\":\"Makitsu\",\"description\":\"\",\"publisher\":{\"@id\":\"https:\/\/www.makitsu.com\/#organization\"},\"potentialAction\":[{\"@type\":\"SearchAction\",\"target\":{\"@type\":\"EntryPoint\",\"urlTemplate\":\"https:\/\/www.makitsu.com\/?s={search_term_string}\"},\"query-input\":{\"@type\":\"PropertyValueSpecification\",\"valueRequired\":true,\"valueName\":\"search_term_string\"}}],\"inLanguage\":\"de\"},{\"@type\":\"Organization\",\"@id\":\"https:\/\/www.makitsu.com\/#organization\",\"name\":\"Makitsu\",\"url\":\"https:\/\/www.makitsu.com\/\",\"logo\":{\"@type\":\"ImageObject\",\"inLanguage\":\"de\",\"@id\":\"https:\/\/www.makitsu.com\/#\/schema\/logo\/image\/\",\"url\":\"https:\/\/www.makitsu.com\/wp-content\/uploads\/2025\/06\/cropped-logo-makitsu-1.png\",\"contentUrl\":\"https:\/\/www.makitsu.com\/wp-content\/uploads\/2025\/06\/cropped-logo-makitsu-1.png\",\"width\":471,\"height\":134,\"caption\":\"Makitsu\"},\"image\":{\"@id\":\"https:\/\/www.makitsu.com\/#\/schema\/logo\/image\/\"},\"sameAs\":[\"https:\/\/www.facebook.com\/people\/Makitsu\/61572869862718\/\",\"https:\/\/x.com\/_Makitsu_\",\"https:\/\/www.instagram.com\/makitsu_company\",\"https:\/\/www.youtube.com\/@Makitsu_Company\",\"https:\/\/www.linkedin.com\/company\/makitsu\/about\/\"]}]}<\/script>\n<!-- \/ Yoast SEO plugin. -->","yoast_head_json":{"title":"Trancheuse pour mini-chargeuse compacte - Makitsu","description":"Trancheuse pour mini-chargeuse compacte : cha\u00eene coupe tranch\u00e9es r\u00e9guli\u00e8res, enfouissement c\u00e2bles, pose canalisations, etc.","robots":{"index":"index","follow":"follow","max-snippet":"max-snippet:-1","max-image-preview":"max-image-preview:large","max-video-preview":"max-video-preview:-1"},"canonical":"https:\/\/www.makitsu.com\/de\/product\/accessoires\/trancheuse\/","og_locale":"de_DE","og_type":"article","og_title":"Trancheuse pour mini-chargeuse compacte - Makitsu","og_description":"Trancheuse pour mini-chargeuse compacte : cha\u00eene coupe tranch\u00e9es r\u00e9guli\u00e8res, enfouissement c\u00e2bles, pose canalisations, etc.","og_url":"https:\/\/www.makitsu.com\/de\/product\/accessoires\/trancheuse\/","og_site_name":"Makitsu","article_publisher":"https:\/\/www.facebook.com\/people\/Makitsu\/61572869862718\/","article_modified_time":"2025-08-27T07:31:32+00:00","og_image":[{"width":1024,"height":1024,"url":"https:\/\/www.makitsu.com\/wp-content\/uploads\/2025\/06\/trancheuse.jpg","type":"image\/jpeg"}],"twitter_card":"summary_large_image","twitter_site":"@_Makitsu_","twitter_misc":{"Gesch\u00e4tzte Lesezeit":"1\u00a0Minute"},"schema":{"@context":"https:\/\/schema.org","@graph":[{"@type":"WebPage","@id":"https:\/\/www.makitsu.com\/produit\/accessoires\/trancheuse\/","url":"https:\/\/www.makitsu.com\/produit\/accessoires\/trancheuse\/","name":"Trancheuse pour mini-chargeuse compacte - Makitsu","isPartOf":{"@id":"https:\/\/www.makitsu.com\/#website"},"primaryImageOfPage":{"@id":"https:\/\/www.makitsu.com\/produit\/accessoires\/trancheuse\/#primaryimage"},"image":{"@id":"https:\/\/www.makitsu.com\/produit\/accessoires\/trancheuse\/#primaryimage"},"thumbnailUrl":"https:\/\/www.makitsu.com\/wp-content\/uploads\/2025\/06\/trancheuse.jpg","datePublished":"2025-06-17T17:44:21+00:00","dateModified":"2025-08-27T07:31:32+00:00","description":"Trancheuse pour mini-chargeuse compacte : cha\u00eene coupe tranch\u00e9es r\u00e9guli\u00e8res, enfouissement c\u00e2bles, pose canalisations, etc.","breadcrumb":{"@id":"https:\/\/www.makitsu.com\/produit\/accessoires\/trancheuse\/#breadcrumb"},"inLanguage":"de","potentialAction":[{"@type":"ReadAction","target":["https:\/\/www.makitsu.com\/produit\/accessoires\/trancheuse\/"]}]},{"@type":"ImageObject","inLanguage":"de","@id":"https:\/\/www.makitsu.com\/produit\/accessoires\/trancheuse\/#primaryimage","url":"https:\/\/www.makitsu.com\/wp-content\/uploads\/2025\/06\/trancheuse.jpg","contentUrl":"https:\/\/www.makitsu.com\/wp-content\/uploads\/2025\/06\/trancheuse.jpg","width":1024,"height":1024,"caption":"trancheuse"},{"@type":"BreadcrumbList","@id":"https:\/\/www.makitsu.com\/produit\/accessoires\/trancheuse\/#breadcrumb","itemListElement":[{"@type":"ListItem","position":1,"name":"Accueil","item":"https:\/\/www.makitsu.com\/"},{"@type":"ListItem","position":2,"name":"Boutique","item":"https:\/\/www.makitsu.com\/boutique\/"},{"@type":"ListItem","position":3,"name":"Trancheuse"}]},{"@type":"WebSite","@id":"https:\/\/www.makitsu.com\/#website","url":"https:\/\/www.makitsu.com\/","name":"Makitsu","description":"","publisher":{"@id":"https:\/\/www.makitsu.com\/#organization"},"potentialAction":[{"@type":"SearchAction","target":{"@type":"EntryPoint","urlTemplate":"https:\/\/www.makitsu.com\/?s={search_term_string}"},"query-input":{"@type":"PropertyValueSpecification","valueRequired":true,"valueName":"search_term_string"}}],"inLanguage":"de"},{"@type":"Organization","@id":"https:\/\/www.makitsu.com\/#organization","name":"Makitsu","url":"https:\/\/www.makitsu.com\/","logo":{"@type":"ImageObject","inLanguage":"de","@id":"https:\/\/www.makitsu.com\/#\/schema\/logo\/image\/","url":"https:\/\/www.makitsu.com\/wp-content\/uploads\/2025\/06\/cropped-logo-makitsu-1.png","contentUrl":"https:\/\/www.makitsu.com\/wp-content\/uploads\/2025\/06\/cropped-logo-makitsu-1.png","width":471,"height":134,"caption":"Makitsu"},"image":{"@id":"https:\/\/www.makitsu.com\/#\/schema\/logo\/image\/"},"sameAs":["https:\/\/www.facebook.com\/people\/Makitsu\/61572869862718\/","https:\/\/x.com\/_Makitsu_","https:\/\/www.instagram.com\/makitsu_company","https:\/\/www.youtube.com\/@Makitsu_Company","https:\/\/www.linkedin.com\/company\/makitsu\/about\/"]}]}},"_links":{"self":[{"href":"https:\/\/www.makitsu.com\/de\/wp-json\/wp\/v2\/product\/7246","targetHints":{"allow":["GET"]}}],"collection":[{"href":"https:\/\/www.makitsu.com\/de\/wp-json\/wp\/v2\/product"}],"about":[{"href":"https:\/\/www.makitsu.com\/de\/wp-json\/wp\/v2\/types\/product"}],"wp:featuredmedia":[{"embeddable":true,"href":"https:\/\/www.makitsu.com\/de\/wp-json\/wp\/v2\/media\/7915"}],"wp:attachment":[{"href":"https:\/\/www.makitsu.com\/de\/wp-json\/wp\/v2\/media?parent=7246"}],"wp:term":[{"taxonomy":"product_brand","embeddable":true,"href":"https:\/\/www.makitsu.com\/de\/wp-json\/wp\/v2\/product_brand?post=7246"},{"taxonomy":"product_cat","embeddable":true,"href":"https:\/\/www.makitsu.com\/de\/wp-json\/wp\/v2\/product_cat?post=7246"},{"taxonomy":"product_tag","embeddable":true,"href":"https:\/\/www.makitsu.com\/de\/wp-json\/wp\/v2\/product_tag?post=7246"}],"curies":[{"name":"wp","href":"https:\/\/api.w.org\/{rel}","templated":true}]}}