{"id":7245,"date":"2025-06-17T17:43:42","date_gmt":"2025-06-17T17:43:42","guid":{"rendered":"https:\/\/www.makitsu.com\/?post_type=product&#038;p=7245"},"modified":"2025-08-27T07:35:17","modified_gmt":"2025-08-27T07:35:17","slug":"lame-a-neige","status":"publish","type":"product","link":"https:\/\/www.makitsu.com\/de\/product\/accessoires\/lame-a-neige\/","title":{"rendered":"Lame \u00e0 neige"},"content":{"rendered":"","protected":false},"excerpt":{"rendered":"<p class=\"whitespace-normal break-words\">Accessoire de d\u00e9neigement hydraulique \u00e9quip\u00e9 d&rsquo;une lame frontale orientable et d&rsquo;une turbine \u00e0 vis sans fin motoris\u00e9e.<\/p>\n<p class=\"whitespace-normal break-words\">Syst\u00e8me de projection de neige permettant le d\u00e9blaiement efficace et l&rsquo;\u00e9vacuation directionnelle des accumulations neigeuses.<\/p>\n<p class=\"whitespace-normal break-words\"><strong>Utilisations recommand\u00e9es :<\/strong><\/p>\n<ul class=\"[&amp;:not(:last-child)_ul]:pb-1 [&amp;:not(:last-child)_ol]:pb-1 list-disc space-y-1.5 pl-7\">\n<li class=\"whitespace-normal break-words\">D\u00e9neigement d&rsquo;all\u00e9es et voies d&rsquo;acc\u00e8s<\/li>\n<li class=\"whitespace-normal break-words\">Nettoyage de parkings et aires de stationnement<\/li>\n<li class=\"whitespace-normal break-words\">D\u00e9blaiement d&rsquo;entr\u00e9es de chantier<\/li>\n<li class=\"whitespace-normal break-words\">\u00c9vacuation de neige sur voirie urbaine<\/li>\n<li class=\"whitespace-normal break-words\">Nettoyage de cours d&rsquo;usine et zones industrielles<\/li>\n<li class=\"whitespace-normal break-words\">D\u00e9neigement de trottoirs et espaces pi\u00e9tonniers<\/li>\n<li class=\"whitespace-normal break-words\">Projection de neige vers zones de stockage<\/li>\n<li class=\"whitespace-normal break-words\">Nettoyage de quais de chargement<\/li>\n<li class=\"whitespace-normal break-words\">D\u00e9blaiement d&rsquo;espaces logistiques ext\u00e9rieurs<\/li>\n<\/ul>","protected":false},"featured_media":7916,"template":"","meta":{"_acf_changed":false},"product_brand":[],"product_cat":[52],"product_tag":[61],"class_list":{"0":"post-7245","1":"product","2":"type-product","3":"status-publish","4":"has-post-thumbnail","6":"product_cat-accessoires","7":"product_tag-mini-chargeuse-compacte","9":"first","10":"instock","11":"taxable","12":"shipping-taxable","13":"purchasable","14":"product-type-simple"},"bundled_by":["7166","7316","7317","7428","7440","7452","7464","7475","7482","7494"],"bundle_stock_status":"instock","bundle_stock_quantity":null,"bundle_virtual":false,"bundle_layout":"","bundle_add_to_cart_form_location":"","bundle_editable_in_cart":false,"bundle_sold_individually_context":"","bundle_item_grouping":"","bundle_min_size":"","bundle_max_size":"","bundle_price":[],"bundled_items":[],"bundle_sell_ids":[],"acf":[],"yoast_head":"<!-- This site is optimized with the Yoast SEO plugin v26.8 - https:\/\/yoast.com\/product\/yoast-seo-wordpress\/ -->\n<title>Lame \u00e0 neige pour mini-chargeuse compacte - Makitsu<\/title>\n<meta name=\"description\" content=\"Lame \u00e0 neige pour mini-chargeuse compacte Makitsu : turbine de projection d\u00e9neigement all\u00e9es, parkings, \u00e9vacuation neige...\" \/>\n<meta name=\"robots\" content=\"index, follow, max-snippet:-1, max-image-preview:large, max-video-preview:-1\" \/>\n<link rel=\"canonical\" href=\"https:\/\/www.makitsu.com\/de\/product\/accessoires\/lame-a-neige\/\" \/>\n<meta property=\"og:locale\" content=\"de_DE\" \/>\n<meta property=\"og:type\" content=\"article\" \/>\n<meta property=\"og:title\" content=\"Lame \u00e0 neige pour mini-chargeuse compacte - Makitsu\" \/>\n<meta property=\"og:description\" content=\"Lame \u00e0 neige pour mini-chargeuse compacte Makitsu : turbine de projection d\u00e9neigement all\u00e9es, parkings, \u00e9vacuation neige...\" \/>\n<meta property=\"og:url\" content=\"https:\/\/www.makitsu.com\/de\/product\/accessoires\/lame-a-neige\/\" \/>\n<meta property=\"og:site_name\" content=\"Makitsu\" \/>\n<meta property=\"article:publisher\" content=\"https:\/\/www.facebook.com\/people\/Makitsu\/61572869862718\/\" \/>\n<meta property=\"article:modified_time\" content=\"2025-08-27T07:35:17+00:00\" \/>\n<meta property=\"og:image\" content=\"https:\/\/www.makitsu.com\/wp-content\/uploads\/2025\/06\/lame-a-neige.jpg\" \/>\n\t<meta property=\"og:image:width\" content=\"1024\" \/>\n\t<meta property=\"og:image:height\" content=\"1024\" \/>\n\t<meta property=\"og:image:type\" content=\"image\/jpeg\" \/>\n<meta name=\"twitter:card\" content=\"summary_large_image\" \/>\n<meta name=\"twitter:site\" content=\"@_Makitsu_\" \/>\n<meta name=\"twitter:label1\" content=\"Gesch\u00e4tzte Lesezeit\" \/>\n\t<meta name=\"twitter:data1\" content=\"1\u00a0Minute\" \/>\n<script type=\"application\/ld+json\" class=\"yoast-schema-graph\">{\"@context\":\"https:\/\/schema.org\",\"@graph\":[{\"@type\":\"WebPage\",\"@id\":\"https:\/\/www.makitsu.com\/produit\/accessoires\/lame-a-neige\/\",\"url\":\"https:\/\/www.makitsu.com\/produit\/accessoires\/lame-a-neige\/\",\"name\":\"Lame \u00e0 neige pour mini-chargeuse compacte - Makitsu\",\"isPartOf\":{\"@id\":\"https:\/\/www.makitsu.com\/#website\"},\"primaryImageOfPage\":{\"@id\":\"https:\/\/www.makitsu.com\/produit\/accessoires\/lame-a-neige\/#primaryimage\"},\"image\":{\"@id\":\"https:\/\/www.makitsu.com\/produit\/accessoires\/lame-a-neige\/#primaryimage\"},\"thumbnailUrl\":\"https:\/\/www.makitsu.com\/wp-content\/uploads\/2025\/06\/lame-a-neige.jpg\",\"datePublished\":\"2025-06-17T17:43:42+00:00\",\"dateModified\":\"2025-08-27T07:35:17+00:00\",\"description\":\"Lame \u00e0 neige pour mini-chargeuse compacte Makitsu : turbine de projection d\u00e9neigement all\u00e9es, parkings, \u00e9vacuation neige...\",\"breadcrumb\":{\"@id\":\"https:\/\/www.makitsu.com\/produit\/accessoires\/lame-a-neige\/#breadcrumb\"},\"inLanguage\":\"de\",\"potentialAction\":[{\"@type\":\"ReadAction\",\"target\":[\"https:\/\/www.makitsu.com\/produit\/accessoires\/lame-a-neige\/\"]}]},{\"@type\":\"ImageObject\",\"inLanguage\":\"de\",\"@id\":\"https:\/\/www.makitsu.com\/produit\/accessoires\/lame-a-neige\/#primaryimage\",\"url\":\"https:\/\/www.makitsu.com\/wp-content\/uploads\/2025\/06\/lame-a-neige.jpg\",\"contentUrl\":\"https:\/\/www.makitsu.com\/wp-content\/uploads\/2025\/06\/lame-a-neige.jpg\",\"width\":1024,\"height\":1024,\"caption\":\"lame \u00e0 neige\"},{\"@type\":\"BreadcrumbList\",\"@id\":\"https:\/\/www.makitsu.com\/produit\/accessoires\/lame-a-neige\/#breadcrumb\",\"itemListElement\":[{\"@type\":\"ListItem\",\"position\":1,\"name\":\"Accueil\",\"item\":\"https:\/\/www.makitsu.com\/\"},{\"@type\":\"ListItem\",\"position\":2,\"name\":\"Boutique\",\"item\":\"https:\/\/www.makitsu.com\/boutique\/\"},{\"@type\":\"ListItem\",\"position\":3,\"name\":\"Lame \u00e0 neige\"}]},{\"@type\":\"WebSite\",\"@id\":\"https:\/\/www.makitsu.com\/#website\",\"url\":\"https:\/\/www.makitsu.com\/\",\"name\":\"Makitsu\",\"description\":\"\",\"publisher\":{\"@id\":\"https:\/\/www.makitsu.com\/#organization\"},\"potentialAction\":[{\"@type\":\"SearchAction\",\"target\":{\"@type\":\"EntryPoint\",\"urlTemplate\":\"https:\/\/www.makitsu.com\/?s={search_term_string}\"},\"query-input\":{\"@type\":\"PropertyValueSpecification\",\"valueRequired\":true,\"valueName\":\"search_term_string\"}}],\"inLanguage\":\"de\"},{\"@type\":\"Organization\",\"@id\":\"https:\/\/www.makitsu.com\/#organization\",\"name\":\"Makitsu\",\"url\":\"https:\/\/www.makitsu.com\/\",\"logo\":{\"@type\":\"ImageObject\",\"inLanguage\":\"de\",\"@id\":\"https:\/\/www.makitsu.com\/#\/schema\/logo\/image\/\",\"url\":\"https:\/\/www.makitsu.com\/wp-content\/uploads\/2025\/06\/cropped-logo-makitsu-1.png\",\"contentUrl\":\"https:\/\/www.makitsu.com\/wp-content\/uploads\/2025\/06\/cropped-logo-makitsu-1.png\",\"width\":471,\"height\":134,\"caption\":\"Makitsu\"},\"image\":{\"@id\":\"https:\/\/www.makitsu.com\/#\/schema\/logo\/image\/\"},\"sameAs\":[\"https:\/\/www.facebook.com\/people\/Makitsu\/61572869862718\/\",\"https:\/\/x.com\/_Makitsu_\",\"https:\/\/www.instagram.com\/makitsu_company\",\"https:\/\/www.youtube.com\/@Makitsu_Company\",\"https:\/\/www.linkedin.com\/company\/makitsu\/about\/\"]}]}<\/script>\n<!-- \/ Yoast SEO plugin. -->","yoast_head_json":{"title":"Lame \u00e0 neige pour mini-chargeuse compacte - Makitsu","description":"Lame \u00e0 neige pour mini-chargeuse compacte Makitsu : turbine de projection d\u00e9neigement all\u00e9es, parkings, \u00e9vacuation neige...","robots":{"index":"index","follow":"follow","max-snippet":"max-snippet:-1","max-image-preview":"max-image-preview:large","max-video-preview":"max-video-preview:-1"},"canonical":"https:\/\/www.makitsu.com\/de\/product\/accessoires\/lame-a-neige\/","og_locale":"de_DE","og_type":"article","og_title":"Lame \u00e0 neige pour mini-chargeuse compacte - Makitsu","og_description":"Lame \u00e0 neige pour mini-chargeuse compacte Makitsu : turbine de projection d\u00e9neigement all\u00e9es, parkings, \u00e9vacuation neige...","og_url":"https:\/\/www.makitsu.com\/de\/product\/accessoires\/lame-a-neige\/","og_site_name":"Makitsu","article_publisher":"https:\/\/www.facebook.com\/people\/Makitsu\/61572869862718\/","article_modified_time":"2025-08-27T07:35:17+00:00","og_image":[{"width":1024,"height":1024,"url":"https:\/\/www.makitsu.com\/wp-content\/uploads\/2025\/06\/lame-a-neige.jpg","type":"image\/jpeg"}],"twitter_card":"summary_large_image","twitter_site":"@_Makitsu_","twitter_misc":{"Gesch\u00e4tzte Lesezeit":"1\u00a0Minute"},"schema":{"@context":"https:\/\/schema.org","@graph":[{"@type":"WebPage","@id":"https:\/\/www.makitsu.com\/produit\/accessoires\/lame-a-neige\/","url":"https:\/\/www.makitsu.com\/produit\/accessoires\/lame-a-neige\/","name":"Lame \u00e0 neige pour mini-chargeuse compacte - Makitsu","isPartOf":{"@id":"https:\/\/www.makitsu.com\/#website"},"primaryImageOfPage":{"@id":"https:\/\/www.makitsu.com\/produit\/accessoires\/lame-a-neige\/#primaryimage"},"image":{"@id":"https:\/\/www.makitsu.com\/produit\/accessoires\/lame-a-neige\/#primaryimage"},"thumbnailUrl":"https:\/\/www.makitsu.com\/wp-content\/uploads\/2025\/06\/lame-a-neige.jpg","datePublished":"2025-06-17T17:43:42+00:00","dateModified":"2025-08-27T07:35:17+00:00","description":"Lame \u00e0 neige pour mini-chargeuse compacte Makitsu : turbine de projection d\u00e9neigement all\u00e9es, parkings, \u00e9vacuation neige...","breadcrumb":{"@id":"https:\/\/www.makitsu.com\/produit\/accessoires\/lame-a-neige\/#breadcrumb"},"inLanguage":"de","potentialAction":[{"@type":"ReadAction","target":["https:\/\/www.makitsu.com\/produit\/accessoires\/lame-a-neige\/"]}]},{"@type":"ImageObject","inLanguage":"de","@id":"https:\/\/www.makitsu.com\/produit\/accessoires\/lame-a-neige\/#primaryimage","url":"https:\/\/www.makitsu.com\/wp-content\/uploads\/2025\/06\/lame-a-neige.jpg","contentUrl":"https:\/\/www.makitsu.com\/wp-content\/uploads\/2025\/06\/lame-a-neige.jpg","width":1024,"height":1024,"caption":"lame \u00e0 neige"},{"@type":"BreadcrumbList","@id":"https:\/\/www.makitsu.com\/produit\/accessoires\/lame-a-neige\/#breadcrumb","itemListElement":[{"@type":"ListItem","position":1,"name":"Accueil","item":"https:\/\/www.makitsu.com\/"},{"@type":"ListItem","position":2,"name":"Boutique","item":"https:\/\/www.makitsu.com\/boutique\/"},{"@type":"ListItem","position":3,"name":"Lame \u00e0 neige"}]},{"@type":"WebSite","@id":"https:\/\/www.makitsu.com\/#website","url":"https:\/\/www.makitsu.com\/","name":"Makitsu","description":"","publisher":{"@id":"https:\/\/www.makitsu.com\/#organization"},"potentialAction":[{"@type":"SearchAction","target":{"@type":"EntryPoint","urlTemplate":"https:\/\/www.makitsu.com\/?s={search_term_string}"},"query-input":{"@type":"PropertyValueSpecification","valueRequired":true,"valueName":"search_term_string"}}],"inLanguage":"de"},{"@type":"Organization","@id":"https:\/\/www.makitsu.com\/#organization","name":"Makitsu","url":"https:\/\/www.makitsu.com\/","logo":{"@type":"ImageObject","inLanguage":"de","@id":"https:\/\/www.makitsu.com\/#\/schema\/logo\/image\/","url":"https:\/\/www.makitsu.com\/wp-content\/uploads\/2025\/06\/cropped-logo-makitsu-1.png","contentUrl":"https:\/\/www.makitsu.com\/wp-content\/uploads\/2025\/06\/cropped-logo-makitsu-1.png","width":471,"height":134,"caption":"Makitsu"},"image":{"@id":"https:\/\/www.makitsu.com\/#\/schema\/logo\/image\/"},"sameAs":["https:\/\/www.facebook.com\/people\/Makitsu\/61572869862718\/","https:\/\/x.com\/_Makitsu_","https:\/\/www.instagram.com\/makitsu_company","https:\/\/www.youtube.com\/@Makitsu_Company","https:\/\/www.linkedin.com\/company\/makitsu\/about\/"]}]}},"_links":{"self":[{"href":"https:\/\/www.makitsu.com\/de\/wp-json\/wp\/v2\/product\/7245","targetHints":{"allow":["GET"]}}],"collection":[{"href":"https:\/\/www.makitsu.com\/de\/wp-json\/wp\/v2\/product"}],"about":[{"href":"https:\/\/www.makitsu.com\/de\/wp-json\/wp\/v2\/types\/product"}],"wp:featuredmedia":[{"embeddable":true,"href":"https:\/\/www.makitsu.com\/de\/wp-json\/wp\/v2\/media\/7916"}],"wp:attachment":[{"href":"https:\/\/www.makitsu.com\/de\/wp-json\/wp\/v2\/media?parent=7245"}],"wp:term":[{"taxonomy":"product_brand","embeddable":true,"href":"https:\/\/www.makitsu.com\/de\/wp-json\/wp\/v2\/product_brand?post=7245"},{"taxonomy":"product_cat","embeddable":true,"href":"https:\/\/www.makitsu.com\/de\/wp-json\/wp\/v2\/product_cat?post=7245"},{"taxonomy":"product_tag","embeddable":true,"href":"https:\/\/www.makitsu.com\/de\/wp-json\/wp\/v2\/product_tag?post=7245"}],"curies":[{"name":"wp","href":"https:\/\/api.w.org\/{rel}","templated":true}]}}