{"id":7242,"date":"2025-06-17T17:41:53","date_gmt":"2025-06-17T17:41:53","guid":{"rendered":"https:\/\/www.makitsu.com\/?post_type=product&#038;p=7242"},"modified":"2025-08-27T07:35:36","modified_gmt":"2025-08-27T07:35:36","slug":"arrache-souche","status":"publish","type":"product","link":"https:\/\/www.makitsu.com\/de\/product\/accessoires\/arrache-souche\/","title":{"rendered":"Arrache-souche"},"content":{"rendered":"","protected":false},"excerpt":{"rendered":"<p class=\"whitespace-normal break-words\">Accessoire d&rsquo;extraction hydraulique \u00e9quip\u00e9 de griffes et m\u00e2choires robustes se fixant sur mini-chargeuse.<\/p>\n<p class=\"whitespace-normal break-words\">Syst\u00e8me de pr\u00e9hension et arrachage permettant l&rsquo;extraction compl\u00e8te de souches d&rsquo;arbres et racines en milieux contraints.<\/p>\n<p class=\"whitespace-normal break-words\"><strong>Utilisations recommand\u00e9es :<\/strong><\/p>\n<ul class=\"[&amp;:not(:last-child)_ul]:pb-1 [&amp;:not(:last-child)_ol]:pb-1 list-disc space-y-1.5 pl-7\">\n<li class=\"whitespace-normal break-words\">Extraction de souches d&rsquo;arbres et arbustes<\/li>\n<li class=\"whitespace-normal break-words\">D\u00e9racinement apr\u00e8s abattage forestier<\/li>\n<li class=\"whitespace-normal break-words\">Nettoyage de terrains avant construction<\/li>\n<li class=\"whitespace-normal break-words\">D\u00e9frichement pour am\u00e9nagements paysagers<\/li>\n<li class=\"whitespace-normal break-words\">Arrachage de racines profondes<\/li>\n<li class=\"whitespace-normal break-words\">Pr\u00e9paration de sols pour plantation<\/li>\n<li class=\"whitespace-normal break-words\">Nettoyage de parcelles agricoles<\/li>\n<li class=\"whitespace-normal break-words\">Extraction de v\u00e9g\u00e9tation ind\u00e9sirable<\/li>\n<li class=\"whitespace-normal break-words\">D\u00e9broussaillage intensif de friches<\/li>\n<\/ul>","protected":false},"featured_media":7910,"template":"","meta":{"_acf_changed":false},"product_brand":[],"product_cat":[52],"product_tag":[61],"class_list":{"0":"post-7242","1":"product","2":"type-product","3":"status-publish","4":"has-post-thumbnail","6":"product_cat-accessoires","7":"product_tag-mini-chargeuse-compacte","9":"first","10":"instock","11":"taxable","12":"shipping-taxable","13":"purchasable","14":"product-type-simple"},"bundled_by":["7166","7316","7317","7428","7440","7452","7464","7475","7482","7494","8061"],"bundle_stock_status":"instock","bundle_stock_quantity":null,"bundle_virtual":false,"bundle_layout":"","bundle_add_to_cart_form_location":"","bundle_editable_in_cart":false,"bundle_sold_individually_context":"","bundle_item_grouping":"","bundle_min_size":"","bundle_max_size":"","bundle_price":[],"bundled_items":[],"bundle_sell_ids":[],"acf":[],"yoast_head":"<!-- This site is optimized with the Yoast SEO plugin v26.8 - https:\/\/yoast.com\/product\/yoast-seo-wordpress\/ -->\n<title>Arrache-souche pour mini-chargeuse compacte - Makitsu<\/title>\n<meta name=\"description\" content=\"Arrache-souche pour mini-chargeuse compacte : extraction hydraulique de souches arbres, d\u00e9racinement, d\u00e9frichement terrain...\" \/>\n<meta name=\"robots\" content=\"index, follow, max-snippet:-1, max-image-preview:large, max-video-preview:-1\" \/>\n<link rel=\"canonical\" href=\"https:\/\/www.makitsu.com\/de\/product\/accessoires\/arrache-souche\/\" \/>\n<meta property=\"og:locale\" content=\"de_DE\" \/>\n<meta property=\"og:type\" content=\"article\" \/>\n<meta property=\"og:title\" content=\"Arrache-souche pour mini-chargeuse compacte - Makitsu\" \/>\n<meta property=\"og:description\" content=\"Arrache-souche pour mini-chargeuse compacte : extraction hydraulique de souches arbres, d\u00e9racinement, d\u00e9frichement terrain...\" \/>\n<meta property=\"og:url\" content=\"https:\/\/www.makitsu.com\/de\/product\/accessoires\/arrache-souche\/\" \/>\n<meta property=\"og:site_name\" content=\"Makitsu\" \/>\n<meta property=\"article:publisher\" content=\"https:\/\/www.facebook.com\/people\/Makitsu\/61572869862718\/\" \/>\n<meta property=\"article:modified_time\" content=\"2025-08-27T07:35:36+00:00\" \/>\n<meta property=\"og:image\" content=\"https:\/\/www.makitsu.com\/wp-content\/uploads\/2025\/06\/arrache-souche.jpg\" \/>\n\t<meta property=\"og:image:width\" content=\"1024\" \/>\n\t<meta property=\"og:image:height\" content=\"1024\" \/>\n\t<meta property=\"og:image:type\" content=\"image\/jpeg\" \/>\n<meta name=\"twitter:card\" content=\"summary_large_image\" \/>\n<meta name=\"twitter:site\" content=\"@_Makitsu_\" \/>\n<meta name=\"twitter:label1\" content=\"Gesch\u00e4tzte Lesezeit\" \/>\n\t<meta name=\"twitter:data1\" content=\"1\u00a0Minute\" \/>\n<script type=\"application\/ld+json\" class=\"yoast-schema-graph\">{\"@context\":\"https:\/\/schema.org\",\"@graph\":[{\"@type\":\"WebPage\",\"@id\":\"https:\/\/www.makitsu.com\/produit\/accessoires\/arrache-souche\/\",\"url\":\"https:\/\/www.makitsu.com\/produit\/accessoires\/arrache-souche\/\",\"name\":\"Arrache-souche pour mini-chargeuse compacte - Makitsu\",\"isPartOf\":{\"@id\":\"https:\/\/www.makitsu.com\/#website\"},\"primaryImageOfPage\":{\"@id\":\"https:\/\/www.makitsu.com\/produit\/accessoires\/arrache-souche\/#primaryimage\"},\"image\":{\"@id\":\"https:\/\/www.makitsu.com\/produit\/accessoires\/arrache-souche\/#primaryimage\"},\"thumbnailUrl\":\"https:\/\/www.makitsu.com\/wp-content\/uploads\/2025\/06\/arrache-souche.jpg\",\"datePublished\":\"2025-06-17T17:41:53+00:00\",\"dateModified\":\"2025-08-27T07:35:36+00:00\",\"description\":\"Arrache-souche pour mini-chargeuse compacte : extraction hydraulique de souches arbres, d\u00e9racinement, d\u00e9frichement terrain...\",\"breadcrumb\":{\"@id\":\"https:\/\/www.makitsu.com\/produit\/accessoires\/arrache-souche\/#breadcrumb\"},\"inLanguage\":\"de\",\"potentialAction\":[{\"@type\":\"ReadAction\",\"target\":[\"https:\/\/www.makitsu.com\/produit\/accessoires\/arrache-souche\/\"]}]},{\"@type\":\"ImageObject\",\"inLanguage\":\"de\",\"@id\":\"https:\/\/www.makitsu.com\/produit\/accessoires\/arrache-souche\/#primaryimage\",\"url\":\"https:\/\/www.makitsu.com\/wp-content\/uploads\/2025\/06\/arrache-souche.jpg\",\"contentUrl\":\"https:\/\/www.makitsu.com\/wp-content\/uploads\/2025\/06\/arrache-souche.jpg\",\"width\":1024,\"height\":1024,\"caption\":\"arrache-souche\"},{\"@type\":\"BreadcrumbList\",\"@id\":\"https:\/\/www.makitsu.com\/produit\/accessoires\/arrache-souche\/#breadcrumb\",\"itemListElement\":[{\"@type\":\"ListItem\",\"position\":1,\"name\":\"Accueil\",\"item\":\"https:\/\/www.makitsu.com\/\"},{\"@type\":\"ListItem\",\"position\":2,\"name\":\"Boutique\",\"item\":\"https:\/\/www.makitsu.com\/boutique\/\"},{\"@type\":\"ListItem\",\"position\":3,\"name\":\"Arrache-souche\"}]},{\"@type\":\"WebSite\",\"@id\":\"https:\/\/www.makitsu.com\/#website\",\"url\":\"https:\/\/www.makitsu.com\/\",\"name\":\"Makitsu\",\"description\":\"\",\"publisher\":{\"@id\":\"https:\/\/www.makitsu.com\/#organization\"},\"potentialAction\":[{\"@type\":\"SearchAction\",\"target\":{\"@type\":\"EntryPoint\",\"urlTemplate\":\"https:\/\/www.makitsu.com\/?s={search_term_string}\"},\"query-input\":{\"@type\":\"PropertyValueSpecification\",\"valueRequired\":true,\"valueName\":\"search_term_string\"}}],\"inLanguage\":\"de\"},{\"@type\":\"Organization\",\"@id\":\"https:\/\/www.makitsu.com\/#organization\",\"name\":\"Makitsu\",\"url\":\"https:\/\/www.makitsu.com\/\",\"logo\":{\"@type\":\"ImageObject\",\"inLanguage\":\"de\",\"@id\":\"https:\/\/www.makitsu.com\/#\/schema\/logo\/image\/\",\"url\":\"https:\/\/www.makitsu.com\/wp-content\/uploads\/2025\/06\/cropped-logo-makitsu-1.png\",\"contentUrl\":\"https:\/\/www.makitsu.com\/wp-content\/uploads\/2025\/06\/cropped-logo-makitsu-1.png\",\"width\":471,\"height\":134,\"caption\":\"Makitsu\"},\"image\":{\"@id\":\"https:\/\/www.makitsu.com\/#\/schema\/logo\/image\/\"},\"sameAs\":[\"https:\/\/www.facebook.com\/people\/Makitsu\/61572869862718\/\",\"https:\/\/x.com\/_Makitsu_\",\"https:\/\/www.instagram.com\/makitsu_company\",\"https:\/\/www.youtube.com\/@Makitsu_Company\",\"https:\/\/www.linkedin.com\/company\/makitsu\/about\/\"]}]}<\/script>\n<!-- \/ Yoast SEO plugin. -->","yoast_head_json":{"title":"Arrache-souche pour mini-chargeuse compacte - Makitsu","description":"Arrache-souche pour mini-chargeuse compacte : extraction hydraulique de souches arbres, d\u00e9racinement, d\u00e9frichement terrain...","robots":{"index":"index","follow":"follow","max-snippet":"max-snippet:-1","max-image-preview":"max-image-preview:large","max-video-preview":"max-video-preview:-1"},"canonical":"https:\/\/www.makitsu.com\/de\/product\/accessoires\/arrache-souche\/","og_locale":"de_DE","og_type":"article","og_title":"Arrache-souche pour mini-chargeuse compacte - Makitsu","og_description":"Arrache-souche pour mini-chargeuse compacte : extraction hydraulique de souches arbres, d\u00e9racinement, d\u00e9frichement terrain...","og_url":"https:\/\/www.makitsu.com\/de\/product\/accessoires\/arrache-souche\/","og_site_name":"Makitsu","article_publisher":"https:\/\/www.facebook.com\/people\/Makitsu\/61572869862718\/","article_modified_time":"2025-08-27T07:35:36+00:00","og_image":[{"width":1024,"height":1024,"url":"https:\/\/www.makitsu.com\/wp-content\/uploads\/2025\/06\/arrache-souche.jpg","type":"image\/jpeg"}],"twitter_card":"summary_large_image","twitter_site":"@_Makitsu_","twitter_misc":{"Gesch\u00e4tzte Lesezeit":"1\u00a0Minute"},"schema":{"@context":"https:\/\/schema.org","@graph":[{"@type":"WebPage","@id":"https:\/\/www.makitsu.com\/produit\/accessoires\/arrache-souche\/","url":"https:\/\/www.makitsu.com\/produit\/accessoires\/arrache-souche\/","name":"Arrache-souche pour mini-chargeuse compacte - Makitsu","isPartOf":{"@id":"https:\/\/www.makitsu.com\/#website"},"primaryImageOfPage":{"@id":"https:\/\/www.makitsu.com\/produit\/accessoires\/arrache-souche\/#primaryimage"},"image":{"@id":"https:\/\/www.makitsu.com\/produit\/accessoires\/arrache-souche\/#primaryimage"},"thumbnailUrl":"https:\/\/www.makitsu.com\/wp-content\/uploads\/2025\/06\/arrache-souche.jpg","datePublished":"2025-06-17T17:41:53+00:00","dateModified":"2025-08-27T07:35:36+00:00","description":"Arrache-souche pour mini-chargeuse compacte : extraction hydraulique de souches arbres, d\u00e9racinement, d\u00e9frichement terrain...","breadcrumb":{"@id":"https:\/\/www.makitsu.com\/produit\/accessoires\/arrache-souche\/#breadcrumb"},"inLanguage":"de","potentialAction":[{"@type":"ReadAction","target":["https:\/\/www.makitsu.com\/produit\/accessoires\/arrache-souche\/"]}]},{"@type":"ImageObject","inLanguage":"de","@id":"https:\/\/www.makitsu.com\/produit\/accessoires\/arrache-souche\/#primaryimage","url":"https:\/\/www.makitsu.com\/wp-content\/uploads\/2025\/06\/arrache-souche.jpg","contentUrl":"https:\/\/www.makitsu.com\/wp-content\/uploads\/2025\/06\/arrache-souche.jpg","width":1024,"height":1024,"caption":"arrache-souche"},{"@type":"BreadcrumbList","@id":"https:\/\/www.makitsu.com\/produit\/accessoires\/arrache-souche\/#breadcrumb","itemListElement":[{"@type":"ListItem","position":1,"name":"Accueil","item":"https:\/\/www.makitsu.com\/"},{"@type":"ListItem","position":2,"name":"Boutique","item":"https:\/\/www.makitsu.com\/boutique\/"},{"@type":"ListItem","position":3,"name":"Arrache-souche"}]},{"@type":"WebSite","@id":"https:\/\/www.makitsu.com\/#website","url":"https:\/\/www.makitsu.com\/","name":"Makitsu","description":"","publisher":{"@id":"https:\/\/www.makitsu.com\/#organization"},"potentialAction":[{"@type":"SearchAction","target":{"@type":"EntryPoint","urlTemplate":"https:\/\/www.makitsu.com\/?s={search_term_string}"},"query-input":{"@type":"PropertyValueSpecification","valueRequired":true,"valueName":"search_term_string"}}],"inLanguage":"de"},{"@type":"Organization","@id":"https:\/\/www.makitsu.com\/#organization","name":"Makitsu","url":"https:\/\/www.makitsu.com\/","logo":{"@type":"ImageObject","inLanguage":"de","@id":"https:\/\/www.makitsu.com\/#\/schema\/logo\/image\/","url":"https:\/\/www.makitsu.com\/wp-content\/uploads\/2025\/06\/cropped-logo-makitsu-1.png","contentUrl":"https:\/\/www.makitsu.com\/wp-content\/uploads\/2025\/06\/cropped-logo-makitsu-1.png","width":471,"height":134,"caption":"Makitsu"},"image":{"@id":"https:\/\/www.makitsu.com\/#\/schema\/logo\/image\/"},"sameAs":["https:\/\/www.facebook.com\/people\/Makitsu\/61572869862718\/","https:\/\/x.com\/_Makitsu_","https:\/\/www.instagram.com\/makitsu_company","https:\/\/www.youtube.com\/@Makitsu_Company","https:\/\/www.linkedin.com\/company\/makitsu\/about\/"]}]}},"_links":{"self":[{"href":"https:\/\/www.makitsu.com\/de\/wp-json\/wp\/v2\/product\/7242","targetHints":{"allow":["GET"]}}],"collection":[{"href":"https:\/\/www.makitsu.com\/de\/wp-json\/wp\/v2\/product"}],"about":[{"href":"https:\/\/www.makitsu.com\/de\/wp-json\/wp\/v2\/types\/product"}],"wp:featuredmedia":[{"embeddable":true,"href":"https:\/\/www.makitsu.com\/de\/wp-json\/wp\/v2\/media\/7910"}],"wp:attachment":[{"href":"https:\/\/www.makitsu.com\/de\/wp-json\/wp\/v2\/media?parent=7242"}],"wp:term":[{"taxonomy":"product_brand","embeddable":true,"href":"https:\/\/www.makitsu.com\/de\/wp-json\/wp\/v2\/product_brand?post=7242"},{"taxonomy":"product_cat","embeddable":true,"href":"https:\/\/www.makitsu.com\/de\/wp-json\/wp\/v2\/product_cat?post=7242"},{"taxonomy":"product_tag","embeddable":true,"href":"https:\/\/www.makitsu.com\/de\/wp-json\/wp\/v2\/product_tag?post=7242"}],"curies":[{"name":"wp","href":"https:\/\/api.w.org\/{rel}","templated":true}]}}